{"id":71,"date":"2021-05-18T10:02:56","date_gmt":"2021-05-18T10:02:56","guid":{"rendered":"http:\/\/localhost\/wordpress\/?page_id=459"},"modified":"2023-11-16T11:44:07","modified_gmt":"2023-11-16T15:44:07","slug":"conocenos","status":"publish","type":"page","link":"https:\/\/abib.br.inter.edu\/en\/conocenos\/","title":{"rendered":"About Us"},"content":{"rendered":"<section id=\"section-bbf40216-ab90-4b08-86d1-0a96e0c94d0d\" class=\"wp-block-gutentor-call-to-action gutentor-section  gutentor-calltoaction call-to-action-template3 has-image-bg has-custom-bg\"><div class=\"grid-container\"><div class=\"gutentor-grid-item-wrap\"><div class=\"gutentor-single-item\"><div class=\"gutentor-single-item-content\"><h1 class=\"gutentor-single-item-title\">About Us <\/h1><div class=\"gutentor-single-item-desc\"><\/div><div class=\"gutentor-button-group\"><\/div><\/div><\/div><\/div><\/div><\/section>\n\n\n\n<div class=\"wp-block-columns is-layout-flex wp-container-core-columns-is-layout-9d6595d7 wp-block-columns-is-layout-flex\">\n<div class=\"wp-block-column is-layout-flow wp-block-column-is-layout-flow\" style=\"flex-basis:100%\"><\/div>\n<\/div>\n\n\n\n<div style=\"height:100px\" aria-hidden=\"true\" class=\"wp-block-spacer\"><\/div>\n\n\n\n<section id=\"gmbb50dc5\" class=\"wp-block-gutentor-m4 section-gmbb50dc5 gutentor-module gutentor-advanced-columns\"><div class=\"grid-container\"><div class=\"grid-row\">\n<div id=\"col-gmb85e4e\" class=\"wp-block-gutentor-m4-col col-gmb85e4e gutentor-single-column  grid-lg-12 grid-md-12 grid-12\"><div id=\"section-gmb85e4e\" class=\"section-gmb85e4e gutentor-col-wrap\">\n<div id=\"section-ge2f23f\" class=\"wp-block-gutentor-e1 section-ge2f23f gutentor-element gutentor-element-advanced-text text-align-left-desktop text-align-left-tablet text-align-left-mobile\"><div class=\"gutentor-text-wrap\"><h2 class=\"gutentor-text\">We are ABIB<\/h2><\/div><\/div>\n\n\n\n<div id=\"section-gb8dea6\" class=\"wp-block-gutentor-e1 section-gb8dea6 gutentor-element gutentor-element-advanced-text\"><div class=\"gutentor-text-wrap\"><p class=\"gutentor-text\">Welcome to the Inter Barranquitas Bilingual Academy, located in the university facilities. We focus on amplifying an education of excellence and high quality at the pre-university level, providing conditions for development and comprehensive experience for students. The Inter Barranquitas Bilingual Academy is committed to offering innovative experiences to students with outstanding courses in the following aspects: proficiency in the English and Spanish languages, development of STEM skills and an active and pragmatic methodology based on student-centered learning, collaborative learning, project development, problem solving, effective integration of technology, research, creativity and innovation in a context of social sensitivity and a high sense of ethics.<br>\u00a0<br>Ofrecemos servicios educativos en los niveles de intermedia (6to a 8vo) y superior (9no a 12mo). Nuestros maestros son profesionales altamente cualificados para desarrollar nuestro programa acad\u00e9mico, el cual est\u00e1 acreditado por COGNIA (North Central Association Commission on Accreditation and School Improvement, the Northwest Accreditation Commission, and the Southern Association of Colleges and Schools Council on Accreditation and School Improvement). La Academia Bilingue Inter Barranquitas es una instituci\u00f3n de educaci\u00f3n b\u00e1sica registrada y autorizada por el Departamento de Estado de Puerto Rico, n\u00famero de registro A 26-04<\/p><\/div><\/div>\n\n\n\n<div style=\"height:54px\" aria-hidden=\"true\" class=\"wp-block-spacer\"><\/div>\n\n\n\n<div id=\"section-g8836b0\" class=\"wp-block-gutentor-e1 section-g8836b0 gutentor-element gutentor-element-advanced-text text-align-left-desktop text-align-left-tablet text-align-left-mobile\"><div class=\"gutentor-text-wrap\"><h2 class=\"gutentor-text\">History<\/h2><\/div><\/div>\n\n\n\n<div id=\"section-g58fb62\" class=\"wp-block-gutentor-e1 section-g58fb62 gutentor-element gutentor-element-advanced-text\"><div class=\"gutentor-text-wrap\"><p class=\"gutentor-text\">Como resultado de la experiencia y logros alcanzados por la Universidad Interamericana de Barranquitas, para el a\u00f1o 2018, se concibe gestionar el proyecto de la Academia Biling\u00fce Interamericana de Barranquitas (ABIB) como escuela laboratorio. ABIB comienza a ofrecer servicios educativos en agosto de 2020, como resultado del deseo del compromiso del Recinto de Barranquitas de la UIPR con los j\u00f3venes, las familias y los pueblos del \u00e1rea central y adyacente.\u00a0<\/p><\/div><\/div>\n\n\n\n<div style=\"height:55px\" aria-hidden=\"true\" class=\"wp-block-spacer\"><\/div>\n\n\n\n<div id=\"section-g517ce5\" class=\"wp-block-gutentor-e1 section-g517ce5 gutentor-element gutentor-element-advanced-text text-align-left-desktop text-align-left-tablet text-align-left-mobile\"><div class=\"gutentor-text-wrap\"><h2 class=\"gutentor-text\"><strong>Educational Philosophy<\/strong><\/h2><\/div><\/div>\n\n\n\n<div id=\"section-g26eee4\" class=\"wp-block-gutentor-e1 section-g26eee4 gutentor-element gutentor-element-advanced-text\"><div class=\"gutentor-text-wrap\"><p class=\"gutentor-text\">Proveer a los estudiantes y a las familias los servicios educativos integrales de vanguardia de una preparatoria de primera calidad desarrollando estudiantes preuniversitarios completamente biling\u00fces, con alto nivel de destrezas tecnol\u00f3gicas y dominio de los contenidos y las destrezas necesarios para el \u00e9xito en el mundo contempor\u00e1neo, incluyendo la atenci\u00f3n a su espiritualidad, la sensibilidad y la responsabilidad social.<br>\u00a0<br>Como parte del sistema educativo de la Universidad Interamericana de Puerto Rico, la Academia Biling\u00fce Inter Barranquitas atesora y colabora con la visi\u00f3n, misi\u00f3n, metas y creencias del Recinto de Barranquitas de la UIPR.<\/p><\/div><\/div>\n\n\n\n<div id=\"section-gb89298\" class=\"wp-block-gutentor-e6 section-gb89298 gutentor-element gutentor-element-image text-align-center-desktop\"><div class=\"gutentor-element-image-box\"><div class=\"gutentor-image-thumb\"><img data-recalc-dims=\"1\" decoding=\"async\" class=\"normal-image\" src=\"https:\/\/i0.wp.com\/abib.br.inter.edu\/wp-content\/uploads\/2023\/11\/logos-abib.png?w=720&ssl=1\" \/><\/div><\/div><\/div>\n\n\n\n<div style=\"height:122px\" aria-hidden=\"true\" class=\"wp-block-spacer\"><\/div>\n<\/div><\/div>\n<\/div><\/div><\/section>","protected":false},"excerpt":{"rendered":"","protected":false},"author":1,"featured_media":0,"parent":0,"menu_order":0,"comment_status":"closed","ping_status":"closed","template":"template-gutentor-full-width.php","meta":{"nf_dc_page":"","_eb_attr":"","_monsterinsights_skip_tracking":false,"_monsterinsights_sitenote_active":false,"_monsterinsights_sitenote_note":"","_monsterinsights_sitenote_category":0,"footnotes":""},"class_list":["post-71","page","type-page","status-publish","hentry"],"yoast_head":"<!-- This site is optimized with the Yoast SEO plugin v27.5 - https:\/\/yoast.com\/product\/yoast-seo-wordpress\/ -->\n<title>Con\u00f3cenos - Academia Biling\u00fce Inter Barranquitas<\/title>\n<meta name=\"robots\" content=\"index, follow, max-snippet:-1, max-image-preview:large, max-video-preview:-1\" \/>\n<link rel=\"canonical\" href=\"https:\/\/abib.br.inter.edu\/en\/conocenos\/\" \/>\n<meta property=\"og:locale\" content=\"en_US\" \/>\n<meta property=\"og:type\" content=\"article\" \/>\n<meta property=\"og:title\" content=\"Con\u00f3cenos - Academia Biling\u00fce Inter Barranquitas\" \/>\n<meta property=\"og:url\" content=\"https:\/\/abib.br.inter.edu\/en\/conocenos\/\" \/>\n<meta property=\"og:site_name\" content=\"Academia Biling\u00fce Inter Barranquitas\" \/>\n<meta property=\"article:modified_time\" content=\"2023-11-16T15:44:07+00:00\" \/>\n<meta property=\"og:image\" content=\"https:\/\/abib.br.inter.edu\/wp-content\/uploads\/2023\/11\/logos-abib.png\" \/>\n<meta name=\"twitter:card\" content=\"summary_large_image\" \/>\n<meta name=\"twitter:label1\" content=\"Est. reading time\" \/>\n\t<meta name=\"twitter:data1\" content=\"2 minutes\" \/>\n<script type=\"application\/ld+json\" class=\"yoast-schema-graph\">{\"@context\":\"https:\\\/\\\/schema.org\",\"@graph\":[{\"@type\":\"WebPage\",\"@id\":\"https:\\\/\\\/abib.br.inter.edu\\\/conocenos\\\/\",\"url\":\"https:\\\/\\\/abib.br.inter.edu\\\/conocenos\\\/\",\"name\":\"Con\u00f3cenos - Academia Biling\u00fce Inter Barranquitas\",\"isPartOf\":{\"@id\":\"https:\\\/\\\/abib.br.inter.edu\\\/#website\"},\"primaryImageOfPage\":{\"@id\":\"https:\\\/\\\/abib.br.inter.edu\\\/conocenos\\\/#primaryimage\"},\"image\":{\"@id\":\"https:\\\/\\\/abib.br.inter.edu\\\/conocenos\\\/#primaryimage\"},\"thumbnailUrl\":\"https:\\\/\\\/abib.br.inter.edu\\\/wp-content\\\/uploads\\\/2023\\\/11\\\/logos-abib.png\",\"datePublished\":\"2021-05-18T10:02:56+00:00\",\"dateModified\":\"2023-11-16T15:44:07+00:00\",\"breadcrumb\":{\"@id\":\"https:\\\/\\\/abib.br.inter.edu\\\/conocenos\\\/#breadcrumb\"},\"inLanguage\":\"en-US\",\"potentialAction\":[{\"@type\":\"ReadAction\",\"target\":[\"https:\\\/\\\/abib.br.inter.edu\\\/conocenos\\\/\"]}]},{\"@type\":\"ImageObject\",\"inLanguage\":\"en-US\",\"@id\":\"https:\\\/\\\/abib.br.inter.edu\\\/conocenos\\\/#primaryimage\",\"url\":\"https:\\\/\\\/abib.br.inter.edu\\\/wp-content\\\/uploads\\\/2023\\\/11\\\/logos-abib.png\",\"contentUrl\":\"https:\\\/\\\/abib.br.inter.edu\\\/wp-content\\\/uploads\\\/2023\\\/11\\\/logos-abib.png\"},{\"@type\":\"BreadcrumbList\",\"@id\":\"https:\\\/\\\/abib.br.inter.edu\\\/conocenos\\\/#breadcrumb\",\"itemListElement\":[{\"@type\":\"ListItem\",\"position\":1,\"name\":\"Home\",\"item\":\"https:\\\/\\\/abib.br.inter.edu\\\/\"},{\"@type\":\"ListItem\",\"position\":2,\"name\":\"Con\u00f3cenos\"}]},{\"@type\":\"WebSite\",\"@id\":\"https:\\\/\\\/abib.br.inter.edu\\\/#website\",\"url\":\"https:\\\/\\\/abib.br.inter.edu\\\/\",\"name\":\"Academia Biling\u00fce Inter Barranquitas\",\"description\":\"ABIB\",\"publisher\":{\"@id\":\"https:\\\/\\\/abib.br.inter.edu\\\/#organization\"},\"potentialAction\":[{\"@type\":\"SearchAction\",\"target\":{\"@type\":\"EntryPoint\",\"urlTemplate\":\"https:\\\/\\\/abib.br.inter.edu\\\/?s={search_term_string}\"},\"query-input\":{\"@type\":\"PropertyValueSpecification\",\"valueRequired\":true,\"valueName\":\"search_term_string\"}}],\"inLanguage\":\"en-US\"},{\"@type\":\"Organization\",\"@id\":\"https:\\\/\\\/abib.br.inter.edu\\\/#organization\",\"name\":\"Academia Biling\u00fce Inter Barranquitas\",\"url\":\"https:\\\/\\\/abib.br.inter.edu\\\/\",\"logo\":{\"@type\":\"ImageObject\",\"inLanguage\":\"en-US\",\"@id\":\"https:\\\/\\\/abib.br.inter.edu\\\/#\\\/schema\\\/logo\\\/image\\\/\",\"url\":\"https:\\\/\\\/i0.wp.com\\\/abib.br.inter.edu\\\/wp-content\\\/uploads\\\/2024\\\/02\\\/cropped-cropped-Untitled-2.png?fit=270%2C80&ssl=1\",\"contentUrl\":\"https:\\\/\\\/i0.wp.com\\\/abib.br.inter.edu\\\/wp-content\\\/uploads\\\/2024\\\/02\\\/cropped-cropped-Untitled-2.png?fit=270%2C80&ssl=1\",\"width\":270,\"height\":80,\"caption\":\"Academia Biling\u00fce Inter Barranquitas\"},\"image\":{\"@id\":\"https:\\\/\\\/abib.br.inter.edu\\\/#\\\/schema\\\/logo\\\/image\\\/\"}}]}<\/script>\n<!-- \/ Yoast SEO plugin. -->","yoast_head_json":{"title":"Con\u00f3cenos - Academia Biling\u00fce Inter Barranquitas","robots":{"index":"index","follow":"follow","max-snippet":"max-snippet:-1","max-image-preview":"max-image-preview:large","max-video-preview":"max-video-preview:-1"},"canonical":"https:\/\/abib.br.inter.edu\/en\/conocenos\/","og_locale":"en_US","og_type":"article","og_title":"Con\u00f3cenos - Academia Biling\u00fce Inter Barranquitas","og_url":"https:\/\/abib.br.inter.edu\/en\/conocenos\/","og_site_name":"Academia Biling\u00fce Inter Barranquitas","article_modified_time":"2023-11-16T15:44:07+00:00","og_image":[{"url":"https:\/\/abib.br.inter.edu\/wp-content\/uploads\/2023\/11\/logos-abib.png","type":"","width":"","height":""}],"twitter_card":"summary_large_image","twitter_misc":{"Est. reading time":"2 minutes"},"schema":{"@context":"https:\/\/schema.org","@graph":[{"@type":"WebPage","@id":"https:\/\/abib.br.inter.edu\/conocenos\/","url":"https:\/\/abib.br.inter.edu\/conocenos\/","name":"Con\u00f3cenos - Academia Biling\u00fce Inter Barranquitas","isPartOf":{"@id":"https:\/\/abib.br.inter.edu\/#website"},"primaryImageOfPage":{"@id":"https:\/\/abib.br.inter.edu\/conocenos\/#primaryimage"},"image":{"@id":"https:\/\/abib.br.inter.edu\/conocenos\/#primaryimage"},"thumbnailUrl":"https:\/\/abib.br.inter.edu\/wp-content\/uploads\/2023\/11\/logos-abib.png","datePublished":"2021-05-18T10:02:56+00:00","dateModified":"2023-11-16T15:44:07+00:00","breadcrumb":{"@id":"https:\/\/abib.br.inter.edu\/conocenos\/#breadcrumb"},"inLanguage":"en-US","potentialAction":[{"@type":"ReadAction","target":["https:\/\/abib.br.inter.edu\/conocenos\/"]}]},{"@type":"ImageObject","inLanguage":"en-US","@id":"https:\/\/abib.br.inter.edu\/conocenos\/#primaryimage","url":"https:\/\/abib.br.inter.edu\/wp-content\/uploads\/2023\/11\/logos-abib.png","contentUrl":"https:\/\/abib.br.inter.edu\/wp-content\/uploads\/2023\/11\/logos-abib.png"},{"@type":"BreadcrumbList","@id":"https:\/\/abib.br.inter.edu\/conocenos\/#breadcrumb","itemListElement":[{"@type":"ListItem","position":1,"name":"Home","item":"https:\/\/abib.br.inter.edu\/"},{"@type":"ListItem","position":2,"name":"Con\u00f3cenos"}]},{"@type":"WebSite","@id":"https:\/\/abib.br.inter.edu\/#website","url":"https:\/\/abib.br.inter.edu\/","name":"Academia Biling\u00fce Inter Barranquitas","description":"ABIB","publisher":{"@id":"https:\/\/abib.br.inter.edu\/#organization"},"potentialAction":[{"@type":"SearchAction","target":{"@type":"EntryPoint","urlTemplate":"https:\/\/abib.br.inter.edu\/?s={search_term_string}"},"query-input":{"@type":"PropertyValueSpecification","valueRequired":true,"valueName":"search_term_string"}}],"inLanguage":"en-US"},{"@type":"Organization","@id":"https:\/\/abib.br.inter.edu\/#organization","name":"Academia Biling\u00fce Inter Barranquitas","url":"https:\/\/abib.br.inter.edu\/","logo":{"@type":"ImageObject","inLanguage":"en-US","@id":"https:\/\/abib.br.inter.edu\/#\/schema\/logo\/image\/","url":"https:\/\/i0.wp.com\/abib.br.inter.edu\/wp-content\/uploads\/2024\/02\/cropped-cropped-Untitled-2.png?fit=270%2C80&ssl=1","contentUrl":"https:\/\/i0.wp.com\/abib.br.inter.edu\/wp-content\/uploads\/2024\/02\/cropped-cropped-Untitled-2.png?fit=270%2C80&ssl=1","width":270,"height":80,"caption":"Academia Biling\u00fce Inter Barranquitas"},"image":{"@id":"https:\/\/abib.br.inter.edu\/#\/schema\/logo\/image\/"}}]}},"jetpack_sharing_enabled":true,"_links":{"self":[{"href":"https:\/\/abib.br.inter.edu\/en\/wp-json\/wp\/v2\/pages\/71","targetHints":{"allow":["GET"]}}],"collection":[{"href":"https:\/\/abib.br.inter.edu\/en\/wp-json\/wp\/v2\/pages"}],"about":[{"href":"https:\/\/abib.br.inter.edu\/en\/wp-json\/wp\/v2\/types\/page"}],"author":[{"embeddable":true,"href":"https:\/\/abib.br.inter.edu\/en\/wp-json\/wp\/v2\/users\/1"}],"replies":[{"embeddable":true,"href":"https:\/\/abib.br.inter.edu\/en\/wp-json\/wp\/v2\/comments?post=71"}],"version-history":[{"count":4,"href":"https:\/\/abib.br.inter.edu\/en\/wp-json\/wp\/v2\/pages\/71\/revisions"}],"predecessor-version":[{"id":410,"href":"https:\/\/abib.br.inter.edu\/en\/wp-json\/wp\/v2\/pages\/71\/revisions\/410"}],"wp:attachment":[{"href":"https:\/\/abib.br.inter.edu\/en\/wp-json\/wp\/v2\/media?parent=71"}],"curies":[{"name":"wp","href":"https:\/\/api.w.org\/{rel}","templated":true}]}}