{"id":437,"date":"2023-11-21T07:44:28","date_gmt":"2023-11-21T11:44:28","guid":{"rendered":"https:\/\/abib.br.inter.edu\/?page_id=437"},"modified":"2026-01-26T14:41:17","modified_gmt":"2026-01-26T18:41:17","slug":"admision-2","status":"publish","type":"page","link":"https:\/\/abib.br.inter.edu\/en\/admision-2\/","title":{"rendered":"admision"},"content":{"rendered":"<section id=\"section-0fee98f7-5ca9-45f8-a377-ff8ffd71ad3b\" class=\"wp-block-gutentor-call-to-action gutentor-section  gutentor-calltoaction call-to-action-template3 has-image-bg has-custom-bg\"><div class=\"grid-container\"><div class=\"gutentor-grid-item-wrap\"><div class=\"gutentor-single-item\"><div class=\"gutentor-single-item-content\"><h2 class=\"gutentor-single-item-title\"> Admission<\/h2><div class=\"gutentor-single-item-desc\"><\/div><div class=\"gutentor-button-group\"><\/div><\/div><\/div><\/div><\/div><\/section>\n\n\n\n<div style=\"height:100px\" aria-hidden=\"true\" class=\"wp-block-spacer\"><\/div>\n\n\n\n<div class=\"wp-block-columns is-layout-flex wp-container-core-columns-is-layout-9d6595d7 wp-block-columns-is-layout-flex\">\n<div class=\"wp-block-column is-layout-flow wp-block-column-is-layout-flow\" style=\"flex-basis:25%\"><\/div>\n\n\n\n<div class=\"wp-block-column is-layout-flow wp-block-column-is-layout-flow\" style=\"flex-basis:50%\">\n<h2 class=\"wp-block-heading has-text-align-center\"><strong>Admission Requirements and Tuition<\/strong><\/h2>\n\n\n\n<div id=\"section-g472cb1\" class=\"wp-block-gutentor-e0 section-g472cb1 gutentor-element gutentor-element-advanced-text\"><div class=\"gutentor-text-wrap\"><p class=\"gutentor-text\"><br><br>\u25a0 Formulario de admisi\u00f3n \u2013<strong> <code><a href=\"https:\/\/abib.br.inter.edu\/wp-content\/uploads\/2026\/01\/Formulario-de-Matricula-y-Contrato-Servicios-Educativos-rev.-2026.pdf\" id=\"https:\/\/abib.br.inter.edu\/wp-content\/uploads\/2026\/01\/Formulario-de-Matricula-y-Contrato-Servicios-Educativos-rev.-2026.pdf\" target=\"_blank\" rel=\"noreferrer noopener\">Click to download<\/a><\/code><\/strong><br><br>\u25a0 Complete and sealed official transcript or the previous year's grade report<br><br>\u25a0 Academic average above 2.50 in the grade prior to the application<br><br>\u25a0 Conduct letter from the originating institution<br><br>\u25a0 Sign the Annual Educational Services Contract. <br><br>\u25a0 Updated annual vaccination certificate (PVAC)<br><br>\u25a0 Oral health certificate (required by the Health Department for grades 6th, 8th, and 10th).<br><br><\/p><\/div><\/div>\n\n\n\n<div style=\"height:57px\" aria-hidden=\"true\" class=\"wp-block-spacer\"><\/div>\n\n\n\n<h2 class=\"wp-block-heading has-text-align-center\">Costs<\/h2>\n\n\n\n<figure class=\"wp-block-table\"><table class=\"has-black-color has-text-color has-link-color\"><tbody><tr><td><strong>Enrollment<\/strong><\/td><td>$ 350.00 (Applies a $ 25.00 discount for each additional child).<br>Pre-enrollment $ 50.00 (Non-refundable. Accredited to the cost of enrollment)<br>\u00a0<\/td><\/tr><tr><td><strong>Monthly (10)<\/strong><\/td><td>$ 244.00 (Applies a $ 20.00 discount for each additional child).<\/td><\/tr><tr><td><strong>Digital platforms and educational resources<\/strong><\/td><td>$ 225.00 (per year)<\/td><\/tr><tr><td><strong>Standardized tests<\/strong><\/td><td>$ 30.00 (per year)<\/td><\/tr><tr><td><strong>Extended schedule (optional)<\/strong><\/td><td>Hasta las 5:00pm\u00a0\u00a0 $100 mensuales<\/td><\/tr><tr><td><strong>UIPR university courses<\/strong><\/td><td>Free. If you decide to take credits to validate outside of UIPR, the total course payment will be required.<\/td><\/tr><tr><td><strong>Dining room and cafeteria<\/strong><\/td><td>Tiger Caf\u00e9 and Facilities for heating food<\/td><\/tr><tr><td><strong>Cuota de graduaci\u00f3n*<\/strong><\/td><td>$ 100 (only in grades 8th and 12th) *Cost of the gown is not included.<\/td><\/tr><\/tbody><\/table><\/figure>\n\n\n\n<div style=\"height:57px\" aria-hidden=\"true\" class=\"wp-block-spacer\"><\/div>\n\n\n\n<h2 class=\"wp-block-heading has-text-align-center\"><strong>Uniforms<\/strong><\/h2>\n\n\n\n<div id=\"section-g7c5b09\" class=\"wp-block-gutentor-e0 section-g7c5b09 gutentor-element gutentor-element-advanced-text\"><div class=\"gutentor-text-wrap\"><p class=\"gutentor-text\">It is a requirement to wear the school uniform and carry the institutional ID card at all times for our students. The ABIB uniform consists of a polo shirt, long pants, and closed-toe athletic shoes. If the student wishes to wear a coat, it must be the one from the Academy's uniform.<\/p><\/div><\/div>\n\n\n\n<div style=\"height:73px\" aria-hidden=\"true\" class=\"wp-block-spacer\"><\/div>\n<\/div>\n\n\n\n<div class=\"wp-block-column is-layout-flow wp-block-column-is-layout-flow\" style=\"flex-basis:25%\"><\/div>\n<\/div>\n\n\n\n<section id=\"gm4b64c53\" class=\"wp-block-gutentor-m2 section-gm4b64c53 gutentor-module gutentor-dynamic-columns has-image-bg has-custom-bg has-gutentor-overlay\"><div class=\"grid-container\"><div class=\"grid-row\">\n<div id=\"col-gmcd5dfb\" class=\"wp-block-gutentor-m2-col col-gmcd5dfb gutentor-module gutentor-dynamic-single-column grid-lg-4 grid-md-4 grid-12\"><div id=\"section-gmcd5dfb\" class=\"section-gmcd5dfb gutentor-single-col\">\n<div style=\"height:60px\" aria-hidden=\"true\" class=\"wp-block-spacer\"><\/div>\n\n\n\n<figure class=\"wp-block-image size-large\"><img data-recalc-dims=\"1\" fetchpriority=\"high\" decoding=\"async\" width=\"720\" height=\"720\" src=\"https:\/\/i0.wp.com\/abib.br.inter.edu\/wp-content\/uploads\/2024\/02\/polo.jpg?resize=720%2C720&ssl=1\" alt=\"\" class=\"wp-image-467\" srcset=\"https:\/\/i0.wp.com\/abib.br.inter.edu\/wp-content\/uploads\/2024\/02\/polo.jpg?resize=1024%2C1024&ssl=1 1024w, https:\/\/i0.wp.com\/abib.br.inter.edu\/wp-content\/uploads\/2024\/02\/polo.jpg?resize=300%2C300&ssl=1 300w, https:\/\/i0.wp.com\/abib.br.inter.edu\/wp-content\/uploads\/2024\/02\/polo.jpg?resize=150%2C150&ssl=1 150w, https:\/\/i0.wp.com\/abib.br.inter.edu\/wp-content\/uploads\/2024\/02\/polo.jpg?resize=768%2C768&ssl=1 768w, https:\/\/i0.wp.com\/abib.br.inter.edu\/wp-content\/uploads\/2024\/02\/polo.jpg?w=1500&ssl=1 1500w, https:\/\/i0.wp.com\/abib.br.inter.edu\/wp-content\/uploads\/2024\/02\/polo.jpg?w=1440&ssl=1 1440w\" sizes=\"(max-width: 720px) 100vw, 720px\" \/><\/figure>\n\n\n\n<div style=\"height:60px\" aria-hidden=\"true\" class=\"wp-block-spacer\"><\/div>\n<\/div><\/div>\n\n\n\n<div id=\"col-gm03b949\" class=\"wp-block-gutentor-m2-col col-gm03b949 gutentor-module gutentor-dynamic-single-column grid-lg-4 grid-md-4 grid-12\"><div id=\"section-gm03b949\" class=\"section-gm03b949 gutentor-single-col\">\n<div style=\"height:60px\" aria-hidden=\"true\" class=\"wp-block-spacer\"><\/div>\n\n\n\n<figure class=\"wp-block-image size-large\"><img data-recalc-dims=\"1\" decoding=\"async\" width=\"720\" height=\"720\" src=\"https:\/\/i0.wp.com\/abib.br.inter.edu\/wp-content\/uploads\/2024\/02\/pantalon.jpg?resize=720%2C720&ssl=1\" alt=\"\" class=\"wp-image-468\" srcset=\"https:\/\/i0.wp.com\/abib.br.inter.edu\/wp-content\/uploads\/2024\/02\/pantalon.jpg?resize=1024%2C1024&ssl=1 1024w, https:\/\/i0.wp.com\/abib.br.inter.edu\/wp-content\/uploads\/2024\/02\/pantalon.jpg?resize=300%2C300&ssl=1 300w, https:\/\/i0.wp.com\/abib.br.inter.edu\/wp-content\/uploads\/2024\/02\/pantalon.jpg?resize=150%2C150&ssl=1 150w, https:\/\/i0.wp.com\/abib.br.inter.edu\/wp-content\/uploads\/2024\/02\/pantalon.jpg?resize=768%2C768&ssl=1 768w, https:\/\/i0.wp.com\/abib.br.inter.edu\/wp-content\/uploads\/2024\/02\/pantalon.jpg?w=1500&ssl=1 1500w, https:\/\/i0.wp.com\/abib.br.inter.edu\/wp-content\/uploads\/2024\/02\/pantalon.jpg?w=1440&ssl=1 1440w\" sizes=\"(max-width: 720px) 100vw, 720px\" \/><\/figure>\n\n\n\n<div style=\"height:60px\" aria-hidden=\"true\" class=\"wp-block-spacer\"><\/div>\n<\/div><\/div>\n\n\n\n<div id=\"col-gm3b2240\" class=\"wp-block-gutentor-m2-col col-gm3b2240 gutentor-module gutentor-dynamic-single-column grid-lg-4 grid-md-4 grid-12\"><div id=\"section-gm3b2240\" class=\"section-gm3b2240 gutentor-single-col\">\n<div style=\"height:60px\" aria-hidden=\"true\" class=\"wp-block-spacer\"><\/div>\n\n\n\n<figure class=\"wp-block-image size-large\"><img data-recalc-dims=\"1\" decoding=\"async\" width=\"720\" height=\"720\" src=\"https:\/\/i0.wp.com\/abib.br.inter.edu\/wp-content\/uploads\/2024\/02\/abrigo.jpg?resize=720%2C720&ssl=1\" alt=\"\" class=\"wp-image-469\" srcset=\"https:\/\/i0.wp.com\/abib.br.inter.edu\/wp-content\/uploads\/2024\/02\/abrigo.jpg?resize=1024%2C1024&ssl=1 1024w, https:\/\/i0.wp.com\/abib.br.inter.edu\/wp-content\/uploads\/2024\/02\/abrigo.jpg?resize=300%2C300&ssl=1 300w, https:\/\/i0.wp.com\/abib.br.inter.edu\/wp-content\/uploads\/2024\/02\/abrigo.jpg?resize=150%2C150&ssl=1 150w, https:\/\/i0.wp.com\/abib.br.inter.edu\/wp-content\/uploads\/2024\/02\/abrigo.jpg?resize=768%2C768&ssl=1 768w, https:\/\/i0.wp.com\/abib.br.inter.edu\/wp-content\/uploads\/2024\/02\/abrigo.jpg?w=1500&ssl=1 1500w, https:\/\/i0.wp.com\/abib.br.inter.edu\/wp-content\/uploads\/2024\/02\/abrigo.jpg?w=1440&ssl=1 1440w\" sizes=\"(max-width: 720px) 100vw, 720px\" \/><\/figure>\n\n\n\n<div style=\"height:60px\" aria-hidden=\"true\" class=\"wp-block-spacer\"><\/div>\n<\/div><\/div>\n<\/div><\/div><\/section>\n\n\n\n<div style=\"height:73px\" aria-hidden=\"true\" class=\"wp-block-spacer\"><\/div>\n\n\n\n<section id=\"gm130f05b\" class=\"wp-block-gutentor-m4 section-gm130f05b gutentor-module gutentor-advanced-columns\"><div class=\"grid-container\"><div class=\"grid-row\">\n<div id=\"col-gmf75ab5\" class=\"wp-block-gutentor-m4-col col-gmf75ab5 gutentor-single-column  grid-lg-6 grid-md-12 grid-12\"><div id=\"section-gmf75ab5\" class=\"section-gmf75ab5 gutentor-col-wrap\">\n<div class=\"wp-block-buttons is-content-justification-center is-layout-flex wp-container-core-buttons-is-layout-5e6b19ed wp-block-buttons-is-layout-flex\">\n<div class=\"wp-block-button\"><a class=\"wp-block-button__link has-text-color has-background has-link-color has-text-align-center wp-element-button\" href=\"https:\/\/abib.br.inter.edu\/en\/programas-academicos\/\" style=\"color:#ffffff;background-color:#005c2f\" rel=\"\/programa-academico\/\"><strong>ACADEMIC PROGRAMS<\/strong><\/a><\/div>\n<\/div>\n<\/div><\/div>\n\n\n\n<div id=\"col-gm17d557\" class=\"wp-block-gutentor-m4-col col-gm17d557 gutentor-single-column  grid-lg-6 grid-md-12 grid-12\"><div id=\"section-gm17d557\" class=\"section-gm17d557 gutentor-col-wrap\">\n<div class=\"wp-block-buttons is-content-justification-center is-layout-flex wp-container-core-buttons-is-layout-16018d1d wp-block-buttons-is-layout-flex\">\n<div class=\"wp-block-button\"><a class=\"wp-block-button__link has-text-color has-background has-link-color has-text-align-center wp-element-button\" href=\"https:\/\/abib.br.inter.edu\/en\/documentos\/\" style=\"color:#ffffff;background-color:#005c2f\" rel=\"\/documentos\/\"><strong>DOCUMENTS<\/strong><\/a><\/div>\n<\/div>\n<\/div><\/div>\n<\/div><\/div><\/section>\n\n\n\n<div style=\"height:100px\" aria-hidden=\"true\" class=\"wp-block-spacer\"><\/div>","protected":false},"excerpt":{"rendered":"<p>Requisitos de Admisi\u00f3n y Matr\u00edcula Costos Matr\u00edcula $350.00 (Aplica un descuento de $25.00 a cada hijo adicional).Prematr\u00edcula $50.00 (No Rembolsable. Se acredita al costo de matr\u00edcula)\u00a0 Mensualidad (10) $244.00 (Aplica un descuento de $20.00 por cada hijo adicional). Plataformas digitales y recursos educativos $225.00 (al a\u00f1o) Pruebas estandarizadas $30.00 (al a\u00f1o) Horario extendido (opcional) Hasta las 5:00pm\u00a0\u00a0 $100 mensuales Cursos [&hellip;]<\/p>\n","protected":false},"author":1,"featured_media":0,"parent":0,"menu_order":0,"comment_status":"closed","ping_status":"closed","template":"template-gutentor-full-width.php","meta":{"nf_dc_page":"","_eb_attr":"","_monsterinsights_skip_tracking":false,"_monsterinsights_sitenote_active":false,"_monsterinsights_sitenote_note":"","_monsterinsights_sitenote_category":0,"footnotes":""},"class_list":["post-437","page","type-page","status-publish","hentry"],"yoast_head":"<!-- This site is optimized with the Yoast SEO plugin v27.5 - https:\/\/yoast.com\/product\/yoast-seo-wordpress\/ -->\n<title>admision - Academia Biling\u00fce Inter Barranquitas<\/title>\n<meta name=\"robots\" content=\"index, follow, max-snippet:-1, max-image-preview:large, max-video-preview:-1\" \/>\n<link rel=\"canonical\" href=\"https:\/\/abib.br.inter.edu\/en\/admision-2\/\" \/>\n<meta property=\"og:locale\" content=\"en_US\" \/>\n<meta property=\"og:type\" content=\"article\" \/>\n<meta property=\"og:title\" content=\"admision - Academia Biling\u00fce Inter Barranquitas\" \/>\n<meta property=\"og:description\" content=\"Requisitos de Admisi\u00f3n y Matr\u00edcula Costos Matr\u00edcula $350.00 (Aplica un descuento de $25.00 a cada hijo adicional).Prematr\u00edcula $50.00 (No Rembolsable. Se acredita al costo de matr\u00edcula)\u00a0 Mensualidad (10) $244.00 (Aplica un descuento de $20.00 por cada hijo adicional). Plataformas digitales y recursos educativos $225.00 (al a\u00f1o) Pruebas estandarizadas $30.00 (al a\u00f1o) Horario extendido (opcional) Hasta las 5:00pm\u00a0\u00a0 $100 mensuales Cursos [&hellip;]\" \/>\n<meta property=\"og:url\" content=\"https:\/\/abib.br.inter.edu\/en\/admision-2\/\" \/>\n<meta property=\"og:site_name\" content=\"Academia Biling\u00fce Inter Barranquitas\" \/>\n<meta property=\"article:modified_time\" content=\"2026-01-26T18:41:17+00:00\" \/>\n<meta property=\"og:image\" content=\"https:\/\/abib.br.inter.edu\/wp-content\/uploads\/2024\/02\/polo-1024x1024.jpg\" \/>\n<meta name=\"twitter:card\" content=\"summary_large_image\" \/>\n<meta name=\"twitter:label1\" content=\"Est. reading time\" \/>\n\t<meta name=\"twitter:data1\" content=\"2 minutes\" \/>\n<script type=\"application\/ld+json\" class=\"yoast-schema-graph\">{\"@context\":\"https:\\\/\\\/schema.org\",\"@graph\":[{\"@type\":\"WebPage\",\"@id\":\"https:\\\/\\\/abib.br.inter.edu\\\/admision-2\\\/\",\"url\":\"https:\\\/\\\/abib.br.inter.edu\\\/admision-2\\\/\",\"name\":\"admision - Academia Biling\u00fce Inter Barranquitas\",\"isPartOf\":{\"@id\":\"https:\\\/\\\/abib.br.inter.edu\\\/#website\"},\"primaryImageOfPage\":{\"@id\":\"https:\\\/\\\/abib.br.inter.edu\\\/admision-2\\\/#primaryimage\"},\"image\":{\"@id\":\"https:\\\/\\\/abib.br.inter.edu\\\/admision-2\\\/#primaryimage\"},\"thumbnailUrl\":\"https:\\\/\\\/abib.br.inter.edu\\\/wp-content\\\/uploads\\\/2024\\\/02\\\/polo-1024x1024.jpg\",\"datePublished\":\"2023-11-21T11:44:28+00:00\",\"dateModified\":\"2026-01-26T18:41:17+00:00\",\"breadcrumb\":{\"@id\":\"https:\\\/\\\/abib.br.inter.edu\\\/admision-2\\\/#breadcrumb\"},\"inLanguage\":\"en-US\",\"potentialAction\":[{\"@type\":\"ReadAction\",\"target\":[\"https:\\\/\\\/abib.br.inter.edu\\\/admision-2\\\/\"]}]},{\"@type\":\"ImageObject\",\"inLanguage\":\"en-US\",\"@id\":\"https:\\\/\\\/abib.br.inter.edu\\\/admision-2\\\/#primaryimage\",\"url\":\"https:\\\/\\\/abib.br.inter.edu\\\/wp-content\\\/uploads\\\/2024\\\/02\\\/polo-1024x1024.jpg\",\"contentUrl\":\"https:\\\/\\\/abib.br.inter.edu\\\/wp-content\\\/uploads\\\/2024\\\/02\\\/polo-1024x1024.jpg\"},{\"@type\":\"BreadcrumbList\",\"@id\":\"https:\\\/\\\/abib.br.inter.edu\\\/admision-2\\\/#breadcrumb\",\"itemListElement\":[{\"@type\":\"ListItem\",\"position\":1,\"name\":\"Home\",\"item\":\"https:\\\/\\\/abib.br.inter.edu\\\/\"},{\"@type\":\"ListItem\",\"position\":2,\"name\":\"admision\"}]},{\"@type\":\"WebSite\",\"@id\":\"https:\\\/\\\/abib.br.inter.edu\\\/#website\",\"url\":\"https:\\\/\\\/abib.br.inter.edu\\\/\",\"name\":\"Academia Biling\u00fce Inter Barranquitas\",\"description\":\"ABIB\",\"publisher\":{\"@id\":\"https:\\\/\\\/abib.br.inter.edu\\\/#organization\"},\"potentialAction\":[{\"@type\":\"SearchAction\",\"target\":{\"@type\":\"EntryPoint\",\"urlTemplate\":\"https:\\\/\\\/abib.br.inter.edu\\\/?s={search_term_string}\"},\"query-input\":{\"@type\":\"PropertyValueSpecification\",\"valueRequired\":true,\"valueName\":\"search_term_string\"}}],\"inLanguage\":\"en-US\"},{\"@type\":\"Organization\",\"@id\":\"https:\\\/\\\/abib.br.inter.edu\\\/#organization\",\"name\":\"Academia Biling\u00fce Inter Barranquitas\",\"url\":\"https:\\\/\\\/abib.br.inter.edu\\\/\",\"logo\":{\"@type\":\"ImageObject\",\"inLanguage\":\"en-US\",\"@id\":\"https:\\\/\\\/abib.br.inter.edu\\\/#\\\/schema\\\/logo\\\/image\\\/\",\"url\":\"https:\\\/\\\/i0.wp.com\\\/abib.br.inter.edu\\\/wp-content\\\/uploads\\\/2024\\\/02\\\/cropped-cropped-Untitled-2.png?fit=270%2C80&ssl=1\",\"contentUrl\":\"https:\\\/\\\/i0.wp.com\\\/abib.br.inter.edu\\\/wp-content\\\/uploads\\\/2024\\\/02\\\/cropped-cropped-Untitled-2.png?fit=270%2C80&ssl=1\",\"width\":270,\"height\":80,\"caption\":\"Academia Biling\u00fce Inter Barranquitas\"},\"image\":{\"@id\":\"https:\\\/\\\/abib.br.inter.edu\\\/#\\\/schema\\\/logo\\\/image\\\/\"}}]}<\/script>\n<!-- \/ Yoast SEO plugin. -->","yoast_head_json":{"title":"admision - Academia Biling\u00fce Inter Barranquitas","robots":{"index":"index","follow":"follow","max-snippet":"max-snippet:-1","max-image-preview":"max-image-preview:large","max-video-preview":"max-video-preview:-1"},"canonical":"https:\/\/abib.br.inter.edu\/en\/admision-2\/","og_locale":"en_US","og_type":"article","og_title":"admision - Academia Biling\u00fce Inter Barranquitas","og_description":"Requisitos de Admisi\u00f3n y Matr\u00edcula Costos Matr\u00edcula $350.00 (Aplica un descuento de $25.00 a cada hijo adicional).Prematr\u00edcula $50.00 (No Rembolsable. Se acredita al costo de matr\u00edcula)\u00a0 Mensualidad (10) $244.00 (Aplica un descuento de $20.00 por cada hijo adicional). Plataformas digitales y recursos educativos $225.00 (al a\u00f1o) Pruebas estandarizadas $30.00 (al a\u00f1o) Horario extendido (opcional) Hasta las 5:00pm\u00a0\u00a0 $100 mensuales Cursos [&hellip;]","og_url":"https:\/\/abib.br.inter.edu\/en\/admision-2\/","og_site_name":"Academia Biling\u00fce Inter Barranquitas","article_modified_time":"2026-01-26T18:41:17+00:00","og_image":[{"url":"https:\/\/abib.br.inter.edu\/wp-content\/uploads\/2024\/02\/polo-1024x1024.jpg","type":"","width":"","height":""}],"twitter_card":"summary_large_image","twitter_misc":{"Est. reading time":"2 minutes"},"schema":{"@context":"https:\/\/schema.org","@graph":[{"@type":"WebPage","@id":"https:\/\/abib.br.inter.edu\/admision-2\/","url":"https:\/\/abib.br.inter.edu\/admision-2\/","name":"admision - Academia Biling\u00fce Inter Barranquitas","isPartOf":{"@id":"https:\/\/abib.br.inter.edu\/#website"},"primaryImageOfPage":{"@id":"https:\/\/abib.br.inter.edu\/admision-2\/#primaryimage"},"image":{"@id":"https:\/\/abib.br.inter.edu\/admision-2\/#primaryimage"},"thumbnailUrl":"https:\/\/abib.br.inter.edu\/wp-content\/uploads\/2024\/02\/polo-1024x1024.jpg","datePublished":"2023-11-21T11:44:28+00:00","dateModified":"2026-01-26T18:41:17+00:00","breadcrumb":{"@id":"https:\/\/abib.br.inter.edu\/admision-2\/#breadcrumb"},"inLanguage":"en-US","potentialAction":[{"@type":"ReadAction","target":["https:\/\/abib.br.inter.edu\/admision-2\/"]}]},{"@type":"ImageObject","inLanguage":"en-US","@id":"https:\/\/abib.br.inter.edu\/admision-2\/#primaryimage","url":"https:\/\/abib.br.inter.edu\/wp-content\/uploads\/2024\/02\/polo-1024x1024.jpg","contentUrl":"https:\/\/abib.br.inter.edu\/wp-content\/uploads\/2024\/02\/polo-1024x1024.jpg"},{"@type":"BreadcrumbList","@id":"https:\/\/abib.br.inter.edu\/admision-2\/#breadcrumb","itemListElement":[{"@type":"ListItem","position":1,"name":"Home","item":"https:\/\/abib.br.inter.edu\/"},{"@type":"ListItem","position":2,"name":"admision"}]},{"@type":"WebSite","@id":"https:\/\/abib.br.inter.edu\/#website","url":"https:\/\/abib.br.inter.edu\/","name":"Academia Biling\u00fce Inter Barranquitas","description":"ABIB","publisher":{"@id":"https:\/\/abib.br.inter.edu\/#organization"},"potentialAction":[{"@type":"SearchAction","target":{"@type":"EntryPoint","urlTemplate":"https:\/\/abib.br.inter.edu\/?s={search_term_string}"},"query-input":{"@type":"PropertyValueSpecification","valueRequired":true,"valueName":"search_term_string"}}],"inLanguage":"en-US"},{"@type":"Organization","@id":"https:\/\/abib.br.inter.edu\/#organization","name":"Academia Biling\u00fce Inter Barranquitas","url":"https:\/\/abib.br.inter.edu\/","logo":{"@type":"ImageObject","inLanguage":"en-US","@id":"https:\/\/abib.br.inter.edu\/#\/schema\/logo\/image\/","url":"https:\/\/i0.wp.com\/abib.br.inter.edu\/wp-content\/uploads\/2024\/02\/cropped-cropped-Untitled-2.png?fit=270%2C80&ssl=1","contentUrl":"https:\/\/i0.wp.com\/abib.br.inter.edu\/wp-content\/uploads\/2024\/02\/cropped-cropped-Untitled-2.png?fit=270%2C80&ssl=1","width":270,"height":80,"caption":"Academia Biling\u00fce Inter Barranquitas"},"image":{"@id":"https:\/\/abib.br.inter.edu\/#\/schema\/logo\/image\/"}}]}},"jetpack_sharing_enabled":true,"_links":{"self":[{"href":"https:\/\/abib.br.inter.edu\/en\/wp-json\/wp\/v2\/pages\/437","targetHints":{"allow":["GET"]}}],"collection":[{"href":"https:\/\/abib.br.inter.edu\/en\/wp-json\/wp\/v2\/pages"}],"about":[{"href":"https:\/\/abib.br.inter.edu\/en\/wp-json\/wp\/v2\/types\/page"}],"author":[{"embeddable":true,"href":"https:\/\/abib.br.inter.edu\/en\/wp-json\/wp\/v2\/users\/1"}],"replies":[{"embeddable":true,"href":"https:\/\/abib.br.inter.edu\/en\/wp-json\/wp\/v2\/comments?post=437"}],"version-history":[{"count":5,"href":"https:\/\/abib.br.inter.edu\/en\/wp-json\/wp\/v2\/pages\/437\/revisions"}],"predecessor-version":[{"id":583,"href":"https:\/\/abib.br.inter.edu\/en\/wp-json\/wp\/v2\/pages\/437\/revisions\/583"}],"wp:attachment":[{"href":"https:\/\/abib.br.inter.edu\/en\/wp-json\/wp\/v2\/media?parent=437"}],"curies":[{"name":"wp","href":"https:\/\/api.w.org\/{rel}","templated":true}]}}