{"id":415,"date":"2023-11-17T12:56:24","date_gmt":"2023-11-17T16:56:24","guid":{"rendered":"https:\/\/abib.br.inter.edu\/?page_id=415"},"modified":"2024-02-27T16:01:56","modified_gmt":"2024-02-27T20:01:56","slug":"programas-academicos","status":"publish","type":"page","link":"https:\/\/abib.br.inter.edu\/en\/programas-academicos\/","title":{"rendered":"Programas Academicos"},"content":{"rendered":"<section id=\"section-c91568f5-5e69-4fec-85ad-d337acb7a470\" class=\"wp-block-gutentor-call-to-action gutentor-section  gutentor-calltoaction call-to-action-template3 has-image-bg has-custom-bg\"><div class=\"grid-container\"><div class=\"gutentor-grid-item-wrap\"><div class=\"gutentor-single-item\"><div class=\"gutentor-single-item-content\"><h2 class=\"gutentor-single-item-title\">Academic programs <\/h2><div class=\"gutentor-single-item-desc\"><\/div><div class=\"gutentor-button-group\"><\/div><\/div><\/div><\/div><\/div><\/section>\n\n\n\n<section id=\"section-81ebe27a-6c60-48d9-9c4a-fdb6fbb889b6\" class=\"wp-block-gutentor-about-block gutentor-section gutentor-about about-template4 has-color-bg has-custom-bg\"><div class=\"grid-container\"><div class=\"gutentor-grid-item-wrap\"><div class=\"gutentor-single-item\"><div class=\"grid-row\"><div class=\"grid-md-6 about-grid\"><div class=\"gutentor-single-item-content\"><div class=\"gutentor-about-content\"><p class=\"gutentor-single-item-desc\">ABIB's curriculum is grounded in principles of development and learning, aimed at fostering the full potential of students. We provide education that enables our students' full development and their ability to thrive in a world of continuous change. In this way, we expect them to build their life project as useful citizens who contribute to the development of their social and environmental surroundings, positioning themselves as people who respond with solutions to the situations they face throughout their lives.<br>The Bilingual Academy Inter Barranquitas uses the curriculum framework of the Department of Education of Puerto Rico. The curriculum framework is enriched with a variety of elective courses and the opportunity to participate in university courses starting from the tenth grade.<br><br>The Bilingual Academy Inter Barranquitas is committed to the following curriculum offering standards, as stipulated by the COGNIA Accreditation Agency:<\/p><\/div><\/div><\/div><div class=\"grid-md-6 about-grid\"><div class=\"gutentor-single-item-image-box\"><div class=\"gutentor-image-thumb\"><img data-recalc-dims=\"1\" fetchpriority=\"high\" decoding=\"async\" class=\"normal-image\" src=\"https:\/\/i0.wp.com\/abib.br.inter.edu\/wp-content\/uploads\/2021\/11\/ABIB-logo.jpg?resize=310%2C174&ssl=1\" alt=\"\" height=\"174\" width=\"310\" \/><\/div><\/div><\/div><\/div><\/div><\/div><\/div><\/section>\n\n\n\n<section id=\"gme2f318b\" class=\"wp-block-gutentor-m2 section-gme2f318b gutentor-module gutentor-dynamic-columns\"><div class=\"grid-container\"><div class=\"grid-row\">\n<div id=\"col-gm462cec\" class=\"wp-block-gutentor-m2-col col-gm462cec gutentor-module gutentor-dynamic-single-column grid-lg-6 grid-md-4 grid-12\"><div id=\"section-gm462cec\" class=\"section-gm462cec gutentor-single-col\">\n<div id=\"section-gb00b72\" class=\"wp-block-gutentor-e0 alignwide section-gb00b72 gutentor-element gutentor-element-advanced-text text-align-center-desktop\"><div class=\"gutentor-text-wrap\"><p class=\"gutentor-text\"><strong>A minimum of 180 days \/ 1,100 hours of instruction annually<\/strong><\/p><\/div><\/div>\n<\/div><\/div>\n\n\n\n<div id=\"col-gm0a4b78\" class=\"wp-block-gutentor-m2-col col-gm0a4b78 gutentor-module gutentor-dynamic-single-column grid-lg-6 grid-md-4 grid-12\"><div id=\"section-gm0a4b78\" class=\"section-gm0a4b78 gutentor-single-col\">\n<div id=\"section-g89c719\" class=\"wp-block-gutentor-e0 alignwide section-g89c719 gutentor-element gutentor-element-advanced-text text-align-center-desktop\"><div class=\"gutentor-text-wrap\"><p class=\"gutentor-text\"><strong><em>Based on the minimum required for accreditation:<\/em><\/strong><em>:<\/em><\/p><\/div><\/div>\n<\/div><\/div>\n<\/div><\/div><\/section>\n\n\n\n<div class=\"wp-block-columns is-layout-flex wp-container-core-columns-is-layout-9d6595d7 wp-block-columns-is-layout-flex\">\n<div class=\"wp-block-column is-layout-flow wp-block-column-is-layout-flow\"><\/div>\n\n\n\n<div class=\"wp-block-column is-layout-flow wp-block-column-is-layout-flow\">\n<figure class=\"is-style-regular wp-block-table\"><table class=\"has-black-color has-text-color has-link-color\"><tbody><tr><td><strong>130 hours of instruction (minimum)<\/strong><\/td><td><strong>1 credit = 1<\/strong><\/td><\/tr><tr><td><strong>65 hours of instruction (minimum)<\/strong><\/td><td><strong>\u00bd credit = 0.5<\/strong><\/td><\/tr><tr><td><strong>32 hours of instruction (minimum)<\/strong><\/td><td><strong>\u00bc credit = 0.25<\/strong><\/td><\/tr><\/tbody><\/table><\/figure>\n<\/div>\n\n\n\n<div class=\"wp-block-column is-layout-flow wp-block-column-is-layout-flow\"><\/div>\n<\/div>\n\n\n\n<div id=\"section-g4fc8c6\" class=\"wp-block-gutentor-e0 alignwide section-g4fc8c6 gutentor-element gutentor-element-advanced-text text-align-center-desktop\"><div class=\"gutentor-text-wrap\"><p class=\"gutentor-text\"><strong>Minimum requirements for 8th grade graduation<\/strong>:<\/p><\/div><\/div>\n\n\n\n<div class=\"wp-block-columns is-layout-flex wp-container-core-columns-is-layout-9d6595d7 wp-block-columns-is-layout-flex\">\n<div class=\"wp-block-column is-layout-flow wp-block-column-is-layout-flow\" style=\"flex-basis:450px\"><\/div>\n\n\n\n<div class=\"wp-block-column is-layout-flow wp-block-column-is-layout-flow\">\n<figure class=\"wp-block-table\"><table class=\"has-black-color has-text-color has-link-color\"><tbody><tr><td>Spanish<\/td><td><strong>3 Credits<\/strong><\/td><td>STEM and related<\/td><td><strong>3 Credits<\/strong><\/td><\/tr><tr><td>Mathematics<\/td><td><strong>3 Credits<\/strong><\/td><td>English (Laboratory)<\/td><td><strong>2 Credits<\/strong><\/td><\/tr><tr><td>Science<\/td><td><strong>3 Credits<\/strong><\/td><td>School Health<\/td><td><strong>1 Credits<\/strong><\/td><\/tr><tr><td>Social Studies<\/td><td><strong>3 Credits<\/strong><\/td><td>Electives<\/td><td><strong>3 Credits<\/strong><\/td><\/tr><tr><td>English<\/td><td><strong>3 Credits<\/strong><\/td><td><\/td><td><\/td><\/tr><tr><td><\/td><td><\/td><td><strong>Total<\/strong><\/td><td><strong>24 Credit<\/strong><\/td><\/tr><\/tbody><\/table><\/figure>\n\n\n\n<div id=\"section-gb924d7\" class=\"wp-block-gutentor-e0 alignwide section-gb924d7 gutentor-element gutentor-element-advanced-text text-align-center-desktop\"><div class=\"gutentor-text-wrap\"><p class=\"gutentor-text\"><strong>\u00a0<\/strong><br><strong>Minimum requirements for 12th grade graduation:<\/strong><\/p><\/div><\/div>\n\n\n\n<figure class=\"wp-block-table\"><table class=\"has-black-color has-text-color has-link-color\"><tbody><tr><td>Spanish<\/td><td><strong>4 Credits<\/strong><\/td><td>STEM and related<\/td><td><strong>3 Credits<\/strong><\/td><\/tr><tr><td>Mathematics<br>(Algebra level as a base)<\/td><td><strong>4 Credits<\/strong><\/td><td>Conversational English<\/td><td><strong>2 Credits<\/strong><\/td><\/tr><tr><td>Science<br>(3 with a laboratory component)<\/td><td><strong>4 Credits<\/strong><\/td><td>Nutrition, Fitness, and Wellness<\/td><td><strong>1 Credits<\/strong><\/td><\/tr><tr><td>History<\/td><td><strong>4 Credits<\/strong><\/td><td>Electives<\/td><td><strong>4 Credits<\/strong><\/td><\/tr><tr><td>English<\/td><td><strong>4 Credits<\/strong><\/td><td><\/td><td><\/td><\/tr><tr><td><\/td><td><\/td><td>Total<\/td><td><strong>30 Credits<\/strong><\/td><\/tr><\/tbody><\/table><\/figure>\n<\/div>\n\n\n\n<div class=\"wp-block-column is-layout-flow wp-block-column-is-layout-flow\" style=\"flex-basis:450px\"><\/div>\n<\/div>\n\n\n\n<section id=\"section-b31bbb54-caa4-4e04-b20f-fc49734b1a2d\" class=\"wp-block-gutentor-content-box gutentor-section gutentor-content-box-wrapper content-template1\"><div class=\"grid-container\"><div class=\"grid-row gutentor-grid-item-wrap\"><div class=\"gutentor-grid-column grid-lg-6 grid-md-6 grid-12\"><div class=\"gutentor-single-item gutentor-single-item-0\"><div class=\"gutentor-single-item-wrap\"><div class=\"gutentor-single-item-content\"><p class=\"gutentor-single-item-desc\"><strong>Elective and University Courses<\/strong><br>As part of the educational experience at ABIB, students participate semestrially in elective courses that enrich the curriculum. Similarly, students in grades 10 and above can take university-level courses, which provide preparation for their future university transition.<br><br><strong>Offer of electives and university courses (varies by semester)<\/strong><br>\u25a0 STEAM (Science, Technology, Engineering, Arts and Mathematics)<br>\u25a0 Technology and Computing<br>\u25a0 Ecumenical Values<br>\u25a0 Physical Education<br>\u25a0 Plastic Arts<br>\u25a0 Research<br>\u25a0 School Health<br>\u25a0 Home and Consumer Finance<br>\u25a0 Educational and Competitive Robotics<br>\u25a0 University courses (Introduction to Video Games, Entrepreneurship, Basic Statistics, Quantitative Reasoning, Algebra Fundamentals, among others)<br><br><\/p><\/div><\/div><\/div><\/div><div class=\"gutentor-grid-column grid-lg-6 grid-md-6 grid-12\"><div class=\"gutentor-single-item gutentor-single-item-1\"><div class=\"gutentor-single-item-wrap\"><div class=\"gutentor-single-item-content\"><p class=\"gutentor-single-item-desc\"><strong>Student Services and Programs<\/strong><br>Social Worker, first aid, cafeteria, science and computer labs, library and study rooms, gym, university admission test prep, educational trips, student clubs and organizations (National Honor Society, Basketball and Volleyball Teams, FLL Robotics Teams, etc.)<\/p><\/div><\/div><\/div><\/div><\/div><\/div><\/section>\n\n\n\n<div class=\"wp-block-buttons is-content-justification-center is-layout-flex wp-container-core-buttons-is-layout-16018d1d wp-block-buttons-is-layout-flex\">\n<div class=\"wp-block-button\"><a class=\"wp-block-button__link has-text-color has-background has-link-color has-text-align-center wp-element-button\" href=\"https:\/\/abib.br.inter.edu\/en\/admision-2\/\" style=\"color:#ffffff;background-color:#005c2f\" rel=\"\/admision\/\"><strong>Admission Requirements<\/strong><\/a><\/div>\n<\/div>\n\n\n\n<div style=\"height:99px\" aria-hidden=\"true\" class=\"wp-block-spacer\"><\/div>","protected":false},"excerpt":{"rendered":"<p>130 horas de instrucci\u00f3n (m\u00ednimo) 1 cr\u00e9dito = 1 65 horas de instrucci\u00f3n (m\u00ednimo) \u00bd cr\u00e9dito = 0.5 32 horas de instrucci\u00f3n (m\u00ednimo) \u00bc cr\u00e9dito = 0.25 Espa\u00f1ol 3 cr\u00e9ditos STEM y relacionadas 3 cr\u00e9ditos Matem\u00e1ticas 3 cr\u00e9ditos Ingl\u00e9s (Laboratorio) 2 cr\u00e9ditos Ciencias 3 cr\u00e9ditos Salud Escolar 1 cr\u00e9ditos Estudios Sociales 3 cr\u00e9ditos Electivas 3 cr\u00e9ditos Ingl\u00e9s 3 cr\u00e9ditos Total [&hellip;]<\/p>\n","protected":false},"author":1,"featured_media":0,"parent":0,"menu_order":0,"comment_status":"closed","ping_status":"closed","template":"template-gutentor-full-width.php","meta":{"nf_dc_page":"","_eb_attr":"","_monsterinsights_skip_tracking":false,"_monsterinsights_sitenote_active":false,"_monsterinsights_sitenote_note":"","_monsterinsights_sitenote_category":0,"footnotes":""},"class_list":["post-415","page","type-page","status-publish","hentry"],"yoast_head":"<!-- This site is optimized with the Yoast SEO plugin v27.5 - https:\/\/yoast.com\/product\/yoast-seo-wordpress\/ -->\n<title>Programas Academicos - Academia Biling\u00fce Inter Barranquitas<\/title>\n<meta name=\"robots\" content=\"index, follow, max-snippet:-1, max-image-preview:large, max-video-preview:-1\" \/>\n<link rel=\"canonical\" href=\"https:\/\/abib.br.inter.edu\/en\/programas-academicos\/\" \/>\n<meta property=\"og:locale\" content=\"en_US\" \/>\n<meta property=\"og:type\" content=\"article\" \/>\n<meta property=\"og:title\" content=\"Programas Academicos - Academia Biling\u00fce Inter Barranquitas\" \/>\n<meta property=\"og:description\" content=\"130 horas de instrucci\u00f3n (m\u00ednimo) 1 cr\u00e9dito = 1 65 horas de instrucci\u00f3n (m\u00ednimo) \u00bd cr\u00e9dito = 0.5 32 horas de instrucci\u00f3n (m\u00ednimo) \u00bc cr\u00e9dito = 0.25 Espa\u00f1ol 3 cr\u00e9ditos STEM y relacionadas 3 cr\u00e9ditos Matem\u00e1ticas 3 cr\u00e9ditos Ingl\u00e9s (Laboratorio) 2 cr\u00e9ditos Ciencias 3 cr\u00e9ditos Salud Escolar 1 cr\u00e9ditos Estudios Sociales 3 cr\u00e9ditos Electivas 3 cr\u00e9ditos Ingl\u00e9s 3 cr\u00e9ditos Total [&hellip;]\" \/>\n<meta property=\"og:url\" content=\"https:\/\/abib.br.inter.edu\/en\/programas-academicos\/\" \/>\n<meta property=\"og:site_name\" content=\"Academia Biling\u00fce Inter Barranquitas\" \/>\n<meta property=\"article:modified_time\" content=\"2024-02-27T20:01:56+00:00\" \/>\n<meta property=\"og:image\" content=\"https:\/\/abib.br.inter.edu\/wp-content\/uploads\/2021\/11\/ABIB-logo.jpg\" \/>\n<meta name=\"twitter:card\" content=\"summary_large_image\" \/>\n<meta name=\"twitter:label1\" content=\"Est. reading time\" \/>\n\t<meta name=\"twitter:data1\" content=\"3 minutes\" \/>\n<script type=\"application\/ld+json\" class=\"yoast-schema-graph\">{\"@context\":\"https:\\\/\\\/schema.org\",\"@graph\":[{\"@type\":\"WebPage\",\"@id\":\"https:\\\/\\\/abib.br.inter.edu\\\/programas-academicos\\\/\",\"url\":\"https:\\\/\\\/abib.br.inter.edu\\\/programas-academicos\\\/\",\"name\":\"Programas Academicos - Academia Biling\u00fce Inter Barranquitas\",\"isPartOf\":{\"@id\":\"https:\\\/\\\/abib.br.inter.edu\\\/#website\"},\"primaryImageOfPage\":{\"@id\":\"https:\\\/\\\/abib.br.inter.edu\\\/programas-academicos\\\/#primaryimage\"},\"image\":{\"@id\":\"https:\\\/\\\/abib.br.inter.edu\\\/programas-academicos\\\/#primaryimage\"},\"thumbnailUrl\":\"https:\\\/\\\/abib.br.inter.edu\\\/wp-content\\\/uploads\\\/2021\\\/11\\\/ABIB-logo.jpg\",\"datePublished\":\"2023-11-17T16:56:24+00:00\",\"dateModified\":\"2024-02-27T20:01:56+00:00\",\"breadcrumb\":{\"@id\":\"https:\\\/\\\/abib.br.inter.edu\\\/programas-academicos\\\/#breadcrumb\"},\"inLanguage\":\"en-US\",\"potentialAction\":[{\"@type\":\"ReadAction\",\"target\":[\"https:\\\/\\\/abib.br.inter.edu\\\/programas-academicos\\\/\"]}]},{\"@type\":\"ImageObject\",\"inLanguage\":\"en-US\",\"@id\":\"https:\\\/\\\/abib.br.inter.edu\\\/programas-academicos\\\/#primaryimage\",\"url\":\"https:\\\/\\\/abib.br.inter.edu\\\/wp-content\\\/uploads\\\/2021\\\/11\\\/ABIB-logo.jpg\",\"contentUrl\":\"https:\\\/\\\/abib.br.inter.edu\\\/wp-content\\\/uploads\\\/2021\\\/11\\\/ABIB-logo.jpg\"},{\"@type\":\"BreadcrumbList\",\"@id\":\"https:\\\/\\\/abib.br.inter.edu\\\/programas-academicos\\\/#breadcrumb\",\"itemListElement\":[{\"@type\":\"ListItem\",\"position\":1,\"name\":\"Home\",\"item\":\"https:\\\/\\\/abib.br.inter.edu\\\/\"},{\"@type\":\"ListItem\",\"position\":2,\"name\":\"Programas Academicos\"}]},{\"@type\":\"WebSite\",\"@id\":\"https:\\\/\\\/abib.br.inter.edu\\\/#website\",\"url\":\"https:\\\/\\\/abib.br.inter.edu\\\/\",\"name\":\"Academia Biling\u00fce Inter Barranquitas\",\"description\":\"ABIB\",\"publisher\":{\"@id\":\"https:\\\/\\\/abib.br.inter.edu\\\/#organization\"},\"potentialAction\":[{\"@type\":\"SearchAction\",\"target\":{\"@type\":\"EntryPoint\",\"urlTemplate\":\"https:\\\/\\\/abib.br.inter.edu\\\/?s={search_term_string}\"},\"query-input\":{\"@type\":\"PropertyValueSpecification\",\"valueRequired\":true,\"valueName\":\"search_term_string\"}}],\"inLanguage\":\"en-US\"},{\"@type\":\"Organization\",\"@id\":\"https:\\\/\\\/abib.br.inter.edu\\\/#organization\",\"name\":\"Academia Biling\u00fce Inter Barranquitas\",\"url\":\"https:\\\/\\\/abib.br.inter.edu\\\/\",\"logo\":{\"@type\":\"ImageObject\",\"inLanguage\":\"en-US\",\"@id\":\"https:\\\/\\\/abib.br.inter.edu\\\/#\\\/schema\\\/logo\\\/image\\\/\",\"url\":\"https:\\\/\\\/i0.wp.com\\\/abib.br.inter.edu\\\/wp-content\\\/uploads\\\/2024\\\/02\\\/cropped-cropped-Untitled-2.png?fit=270%2C80&ssl=1\",\"contentUrl\":\"https:\\\/\\\/i0.wp.com\\\/abib.br.inter.edu\\\/wp-content\\\/uploads\\\/2024\\\/02\\\/cropped-cropped-Untitled-2.png?fit=270%2C80&ssl=1\",\"width\":270,\"height\":80,\"caption\":\"Academia Biling\u00fce Inter Barranquitas\"},\"image\":{\"@id\":\"https:\\\/\\\/abib.br.inter.edu\\\/#\\\/schema\\\/logo\\\/image\\\/\"}}]}<\/script>\n<!-- \/ Yoast SEO plugin. -->","yoast_head_json":{"title":"Programas Academicos - Academia Biling\u00fce Inter Barranquitas","robots":{"index":"index","follow":"follow","max-snippet":"max-snippet:-1","max-image-preview":"max-image-preview:large","max-video-preview":"max-video-preview:-1"},"canonical":"https:\/\/abib.br.inter.edu\/en\/programas-academicos\/","og_locale":"en_US","og_type":"article","og_title":"Programas Academicos - Academia Biling\u00fce Inter Barranquitas","og_description":"130 horas de instrucci\u00f3n (m\u00ednimo) 1 cr\u00e9dito = 1 65 horas de instrucci\u00f3n (m\u00ednimo) \u00bd cr\u00e9dito = 0.5 32 horas de instrucci\u00f3n (m\u00ednimo) \u00bc cr\u00e9dito = 0.25 Espa\u00f1ol 3 cr\u00e9ditos STEM y relacionadas 3 cr\u00e9ditos Matem\u00e1ticas 3 cr\u00e9ditos Ingl\u00e9s (Laboratorio) 2 cr\u00e9ditos Ciencias 3 cr\u00e9ditos Salud Escolar 1 cr\u00e9ditos Estudios Sociales 3 cr\u00e9ditos Electivas 3 cr\u00e9ditos Ingl\u00e9s 3 cr\u00e9ditos Total [&hellip;]","og_url":"https:\/\/abib.br.inter.edu\/en\/programas-academicos\/","og_site_name":"Academia Biling\u00fce Inter Barranquitas","article_modified_time":"2024-02-27T20:01:56+00:00","og_image":[{"url":"https:\/\/abib.br.inter.edu\/wp-content\/uploads\/2021\/11\/ABIB-logo.jpg","type":"","width":"","height":""}],"twitter_card":"summary_large_image","twitter_misc":{"Est. reading time":"3 minutes"},"schema":{"@context":"https:\/\/schema.org","@graph":[{"@type":"WebPage","@id":"https:\/\/abib.br.inter.edu\/programas-academicos\/","url":"https:\/\/abib.br.inter.edu\/programas-academicos\/","name":"Programas Academicos - Academia Biling\u00fce Inter Barranquitas","isPartOf":{"@id":"https:\/\/abib.br.inter.edu\/#website"},"primaryImageOfPage":{"@id":"https:\/\/abib.br.inter.edu\/programas-academicos\/#primaryimage"},"image":{"@id":"https:\/\/abib.br.inter.edu\/programas-academicos\/#primaryimage"},"thumbnailUrl":"https:\/\/abib.br.inter.edu\/wp-content\/uploads\/2021\/11\/ABIB-logo.jpg","datePublished":"2023-11-17T16:56:24+00:00","dateModified":"2024-02-27T20:01:56+00:00","breadcrumb":{"@id":"https:\/\/abib.br.inter.edu\/programas-academicos\/#breadcrumb"},"inLanguage":"en-US","potentialAction":[{"@type":"ReadAction","target":["https:\/\/abib.br.inter.edu\/programas-academicos\/"]}]},{"@type":"ImageObject","inLanguage":"en-US","@id":"https:\/\/abib.br.inter.edu\/programas-academicos\/#primaryimage","url":"https:\/\/abib.br.inter.edu\/wp-content\/uploads\/2021\/11\/ABIB-logo.jpg","contentUrl":"https:\/\/abib.br.inter.edu\/wp-content\/uploads\/2021\/11\/ABIB-logo.jpg"},{"@type":"BreadcrumbList","@id":"https:\/\/abib.br.inter.edu\/programas-academicos\/#breadcrumb","itemListElement":[{"@type":"ListItem","position":1,"name":"Home","item":"https:\/\/abib.br.inter.edu\/"},{"@type":"ListItem","position":2,"name":"Programas Academicos"}]},{"@type":"WebSite","@id":"https:\/\/abib.br.inter.edu\/#website","url":"https:\/\/abib.br.inter.edu\/","name":"Academia Biling\u00fce Inter Barranquitas","description":"ABIB","publisher":{"@id":"https:\/\/abib.br.inter.edu\/#organization"},"potentialAction":[{"@type":"SearchAction","target":{"@type":"EntryPoint","urlTemplate":"https:\/\/abib.br.inter.edu\/?s={search_term_string}"},"query-input":{"@type":"PropertyValueSpecification","valueRequired":true,"valueName":"search_term_string"}}],"inLanguage":"en-US"},{"@type":"Organization","@id":"https:\/\/abib.br.inter.edu\/#organization","name":"Academia Biling\u00fce Inter Barranquitas","url":"https:\/\/abib.br.inter.edu\/","logo":{"@type":"ImageObject","inLanguage":"en-US","@id":"https:\/\/abib.br.inter.edu\/#\/schema\/logo\/image\/","url":"https:\/\/i0.wp.com\/abib.br.inter.edu\/wp-content\/uploads\/2024\/02\/cropped-cropped-Untitled-2.png?fit=270%2C80&ssl=1","contentUrl":"https:\/\/i0.wp.com\/abib.br.inter.edu\/wp-content\/uploads\/2024\/02\/cropped-cropped-Untitled-2.png?fit=270%2C80&ssl=1","width":270,"height":80,"caption":"Academia Biling\u00fce Inter Barranquitas"},"image":{"@id":"https:\/\/abib.br.inter.edu\/#\/schema\/logo\/image\/"}}]}},"jetpack_sharing_enabled":true,"_links":{"self":[{"href":"https:\/\/abib.br.inter.edu\/en\/wp-json\/wp\/v2\/pages\/415","targetHints":{"allow":["GET"]}}],"collection":[{"href":"https:\/\/abib.br.inter.edu\/en\/wp-json\/wp\/v2\/pages"}],"about":[{"href":"https:\/\/abib.br.inter.edu\/en\/wp-json\/wp\/v2\/types\/page"}],"author":[{"embeddable":true,"href":"https:\/\/abib.br.inter.edu\/en\/wp-json\/wp\/v2\/users\/1"}],"replies":[{"embeddable":true,"href":"https:\/\/abib.br.inter.edu\/en\/wp-json\/wp\/v2\/comments?post=415"}],"version-history":[{"count":4,"href":"https:\/\/abib.br.inter.edu\/en\/wp-json\/wp\/v2\/pages\/415\/revisions"}],"predecessor-version":[{"id":507,"href":"https:\/\/abib.br.inter.edu\/en\/wp-json\/wp\/v2\/pages\/415\/revisions\/507"}],"wp:attachment":[{"href":"https:\/\/abib.br.inter.edu\/en\/wp-json\/wp\/v2\/media?parent=415"}],"curies":[{"name":"wp","href":"https:\/\/api.w.org\/{rel}","templated":true}]}}